{"id":161,"date":"2016-08-13T05:54:44","date_gmt":"2016-08-13T03:54:44","guid":{"rendered":"http:\/\/localhost\/wordpress\/event\/?page_id=161"},"modified":"2024-02-02T15:17:22","modified_gmt":"2024-02-02T14:17:22","slug":"partage","status":"publish","type":"page","link":"https:\/\/www.ifec-toulouse-midipyrenees.fr\/index.php\/front-page-features\/partage\/","title":{"rendered":"Partage"},"content":{"rendered":"<p>La section IFEC Toulouse Midi-Pyr\u00e9n\u00e9es aime \u00e9changer avec ses consoeurs et confr\u00e8res sur l&rsquo;actualit\u00e9 de la Profession et sur leurs probl\u00e9matiques de tous les jours.<\/p>\n","protected":false},"excerpt":{"rendered":"<p>La section IFEC Toulouse Midi-Pyr\u00e9n\u00e9es aime \u00e9changer avec ses consoeurs et confr\u00e8res sur l&rsquo;actualit\u00e9 de la Profession et sur leurs&hellip; <\/p>\n","protected":false},"author":1,"featured_media":573,"parent":356,"menu_order":0,"comment_status":"closed","ping_status":"closed","template":"","meta":{"footnotes":""},"class_list":["post-161","page","type-page","status-publish","has-post-thumbnail","hentry"],"_links":{"self":[{"href":"https:\/\/www.ifec-toulouse-midipyrenees.fr\/index.php\/wp-json\/wp\/v2\/pages\/161","targetHints":{"allow":["GET"]}}],"collection":[{"href":"https:\/\/www.ifec-toulouse-midipyrenees.fr\/index.php\/wp-json\/wp\/v2\/pages"}],"about":[{"href":"https:\/\/www.ifec-toulouse-midipyrenees.fr\/index.php\/wp-json\/wp\/v2\/types\/page"}],"author":[{"embeddable":true,"href":"https:\/\/www.ifec-toulouse-midipyrenees.fr\/index.php\/wp-json\/wp\/v2\/users\/1"}],"replies":[{"embeddable":true,"href":"https:\/\/www.ifec-toulouse-midipyrenees.fr\/index.php\/wp-json\/wp\/v2\/comments?post=161"}],"version-history":[{"count":4,"href":"https:\/\/www.ifec-toulouse-midipyrenees.fr\/index.php\/wp-json\/wp\/v2\/pages\/161\/revisions"}],"predecessor-version":[{"id":1457,"href":"https:\/\/www.ifec-toulouse-midipyrenees.fr\/index.php\/wp-json\/wp\/v2\/pages\/161\/revisions\/1457"}],"up":[{"embeddable":true,"href":"https:\/\/www.ifec-toulouse-midipyrenees.fr\/index.php\/wp-json\/wp\/v2\/pages\/356"}],"wp:featuredmedia":[{"embeddable":true,"href":"https:\/\/www.ifec-toulouse-midipyrenees.fr\/index.php\/wp-json\/wp\/v2\/media\/573"}],"wp:attachment":[{"href":"https:\/\/www.ifec-toulouse-midipyrenees.fr\/index.php\/wp-json\/wp\/v2\/media?parent=161"}],"curies":[{"name":"wp","href":"https:\/\/api.w.org\/{rel}","templated":true}]}}