{"id":355,"date":"2016-08-08T15:46:12","date_gmt":"2016-08-08T15:46:12","guid":{"rendered":"http:\/\/localhost\/wordpress\/event\/?page_id=21"},"modified":"2024-02-05T11:58:09","modified_gmt":"2024-02-05T10:58:09","slug":"wide-range-of-activities","status":"publish","type":"page","link":"https:\/\/www.ifec-toulouse-midipyrenees.fr\/index.php\/front-page-features\/wide-range-of-activities\/","title":{"rendered":"Partenaires"},"content":{"rendered":"<p>La section IFEC Toulouse Midi-Pyr\u00e9n\u00e9es est chanceuse de pouvoir compter sur des partenaires de qualit\u00e9 tel que <strong>la Caisse d&rsquo;Epargne de Midi-Pyr\u00e9n\u00e9es<\/strong> et <strong>AG2R LA MONDIALE<\/strong>.<\/p>\n","protected":false},"excerpt":{"rendered":"<p>La section IFEC Toulouse Midi-Pyr\u00e9n\u00e9es est chanceuse de pouvoir compter sur des partenaires de qualit\u00e9 tel que la Caisse d&rsquo;Epargne&hellip; <\/p>\n","protected":false},"author":1,"featured_media":572,"parent":356,"menu_order":0,"comment_status":"closed","ping_status":"closed","template":"","meta":{"footnotes":""},"class_list":["post-355","page","type-page","status-publish","has-post-thumbnail","hentry"],"_links":{"self":[{"href":"https:\/\/www.ifec-toulouse-midipyrenees.fr\/index.php\/wp-json\/wp\/v2\/pages\/355","targetHints":{"allow":["GET"]}}],"collection":[{"href":"https:\/\/www.ifec-toulouse-midipyrenees.fr\/index.php\/wp-json\/wp\/v2\/pages"}],"about":[{"href":"https:\/\/www.ifec-toulouse-midipyrenees.fr\/index.php\/wp-json\/wp\/v2\/types\/page"}],"author":[{"embeddable":true,"href":"https:\/\/www.ifec-toulouse-midipyrenees.fr\/index.php\/wp-json\/wp\/v2\/users\/1"}],"replies":[{"embeddable":true,"href":"https:\/\/www.ifec-toulouse-midipyrenees.fr\/index.php\/wp-json\/wp\/v2\/comments?post=355"}],"version-history":[{"count":5,"href":"https:\/\/www.ifec-toulouse-midipyrenees.fr\/index.php\/wp-json\/wp\/v2\/pages\/355\/revisions"}],"predecessor-version":[{"id":1537,"href":"https:\/\/www.ifec-toulouse-midipyrenees.fr\/index.php\/wp-json\/wp\/v2\/pages\/355\/revisions\/1537"}],"up":[{"embeddable":true,"href":"https:\/\/www.ifec-toulouse-midipyrenees.fr\/index.php\/wp-json\/wp\/v2\/pages\/356"}],"wp:featuredmedia":[{"embeddable":true,"href":"https:\/\/www.ifec-toulouse-midipyrenees.fr\/index.php\/wp-json\/wp\/v2\/media\/572"}],"wp:attachment":[{"href":"https:\/\/www.ifec-toulouse-midipyrenees.fr\/index.php\/wp-json\/wp\/v2\/media?parent=355"}],"curies":[{"name":"wp","href":"https:\/\/api.w.org\/{rel}","templated":true}]}}