{"id":374,"date":"2016-09-19T14:47:08","date_gmt":"2016-09-19T12:47:08","guid":{"rendered":"http:\/\/demo.themefreesia.com\/event\/?page_id=2"},"modified":"2024-02-01T15:49:11","modified_gmt":"2024-02-01T14:49:11","slug":"a-propos","status":"publish","type":"page","link":"https:\/\/www.ifec-toulouse-midipyrenees.fr\/index.php\/a-propos\/","title":{"rendered":"A propos de nous"},"content":{"rendered":"\n<p><\/p>\n\n\n\n<p>Bureau de l&rsquo;IFEC Toulouse Midi-Pyr\u00e9n\u00e9es : <\/p>\n\n\n\n<ul class=\"wp-block-list\">\n<li>Jean CHENEBEAU &amp; Guillaume DITTMER : Pr\u00e9sident de la section IFEC Toulouse Midi-Pyr\u00e9n\u00e9es<\/li>\n<\/ul>\n\n\n\n<ul class=\"wp-block-list\">\n<li>Vice-Pr\u00e9sident<\/li>\n\n\n\n<li>Vice-Pr\u00e9sident<\/li>\n\n\n\n<li>Tr\u00e9sorier<\/li>\n\n\n\n<li>Secr\u00e9taire <\/li>\n<\/ul>\n","protected":false},"excerpt":{"rendered":"<p>Bureau de l&rsquo;IFEC Toulouse Midi-Pyr\u00e9n\u00e9es :<\/p>\n","protected":false},"author":1,"featured_media":0,"parent":0,"menu_order":0,"comment_status":"closed","ping_status":"closed","template":"","meta":{"footnotes":""},"class_list":["post-374","page","type-page","status-publish","hentry"],"_links":{"self":[{"href":"https:\/\/www.ifec-toulouse-midipyrenees.fr\/index.php\/wp-json\/wp\/v2\/pages\/374","targetHints":{"allow":["GET"]}}],"collection":[{"href":"https:\/\/www.ifec-toulouse-midipyrenees.fr\/index.php\/wp-json\/wp\/v2\/pages"}],"about":[{"href":"https:\/\/www.ifec-toulouse-midipyrenees.fr\/index.php\/wp-json\/wp\/v2\/types\/page"}],"author":[{"embeddable":true,"href":"https:\/\/www.ifec-toulouse-midipyrenees.fr\/index.php\/wp-json\/wp\/v2\/users\/1"}],"replies":[{"embeddable":true,"href":"https:\/\/www.ifec-toulouse-midipyrenees.fr\/index.php\/wp-json\/wp\/v2\/comments?post=374"}],"version-history":[{"count":12,"href":"https:\/\/www.ifec-toulouse-midipyrenees.fr\/index.php\/wp-json\/wp\/v2\/pages\/374\/revisions"}],"predecessor-version":[{"id":1334,"href":"https:\/\/www.ifec-toulouse-midipyrenees.fr\/index.php\/wp-json\/wp\/v2\/pages\/374\/revisions\/1334"}],"wp:attachment":[{"href":"https:\/\/www.ifec-toulouse-midipyrenees.fr\/index.php\/wp-json\/wp\/v2\/media?parent=374"}],"curies":[{"name":"wp","href":"https:\/\/api.w.org\/{rel}","templated":true}]}}